{"id":21814,"date":"2026-02-10T17:30:32","date_gmt":"2026-02-10T20:30:32","guid":{"rendered":"https:\/\/gioesteticaavancada.com.br\/lp\/?page_id=21814"},"modified":"2026-02-11T15:09:13","modified_gmt":"2026-02-11T18:09:13","slug":"franquias","status":"publish","type":"page","link":"https:\/\/gioesteticaavancada.com.br\/lp\/franquias\/","title":{"rendered":"Franquias"},"content":{"rendered":"\t\t<div data-elementor-type=\"wp-page\" data-elementor-id=\"21814\" class=\"elementor elementor-21814\" data-elementor-post-type=\"page\">\n\t\t\t\t\t\t<section class=\"elementor-section elementor-top-section elementor-element elementor-element-fb0ff94 topo elementor-section-boxed elementor-section-height-default elementor-section-height-default\" data-id=\"fb0ff94\" data-element_type=\"section\" data-e-type=\"section\" data-settings=\"{&quot;background_background&quot;:&quot;classic&quot;,&quot;shape_divider_bottom&quot;:&quot;waves&quot;}\">\n\t\t\t\t\t\t\t<div class=\"elementor-background-overlay\"><\/div>\n\t\t\t\t\t\t<div class=\"elementor-shape elementor-shape-bottom\" aria-hidden=\"true\" data-negative=\"false\">\n\t\t\t<svg xmlns=\"http:\/\/www.w3.org\/2000\/svg\" viewBox=\"0 0 1000 100\" preserveAspectRatio=\"none\">\n\t<path class=\"elementor-shape-fill\" d=\"M421.9,6.5c22.6-2.5,51.5,0.4,75.5,5.3c23.6,4.9,70.9,23.5,100.5,35.7c75.8,32.2,133.7,44.5,192.6,49.7\n\tc23.6,2.1,48.7,3.5,103.4-2.5c54.7-6,106.2-25.6,106.2-25.6V0H0v30.3c0,0,72,32.6,158.4,30.5c39.2-0.7,92.8-6.7,134-22.4\n\tc21.2-8.1,52.2-18.2,79.7-24.2C399.3,7.9,411.6,7.5,421.9,6.5z\"\/>\n<\/svg>\t\t<\/div>\n\t\t\t\t\t<div class=\"elementor-container elementor-column-gap-default\">\n\t\t\t\t\t<div class=\"elementor-column elementor-col-50 elementor-top-column elementor-element elementor-element-0c80fc1 TOPO\" data-id=\"0c80fc1\" data-element_type=\"column\" data-e-type=\"column\">\n\t\t\t<div class=\"elementor-widget-wrap elementor-element-populated\">\n\t\t\t\t\t\t<div class=\"elementor-element elementor-element-be1b5f7 elementor-hidden-desktop elementor-widget elementor-widget-image\" data-id=\"be1b5f7\" data-element_type=\"widget\" data-e-type=\"widget\" data-settings=\"{&quot;_animation_mobile&quot;:&quot;fadeInRight&quot;}\" data-widget_type=\"image.default\">\n\t\t\t\t<div class=\"elementor-widget-container\">\n\t\t\t\t\t\t\t\t\t\t\t\t\t\t\t<img fetchpriority=\"high\" decoding=\"async\" width=\"800\" height=\"862\" src=\"https:\/\/gioesteticaavancada.com.br\/lp\/wp-content\/uploads\/2026\/02\/CARLOMOBILEGIO-950x1024.webp\" class=\"attachment-large size-large wp-image-21840\" alt=\"\" srcset=\"https:\/\/gioesteticaavancada.com.br\/lp\/wp-content\/uploads\/2026\/02\/CARLOMOBILEGIO-950x1024.webp 950w, https:\/\/gioesteticaavancada.com.br\/lp\/wp-content\/uploads\/2026\/02\/CARLOMOBILEGIO-278x300.webp 278w, https:\/\/gioesteticaavancada.com.br\/lp\/wp-content\/uploads\/2026\/02\/CARLOMOBILEGIO-768x828.webp 768w, https:\/\/gioesteticaavancada.com.br\/lp\/wp-content\/uploads\/2026\/02\/CARLOMOBILEGIO.webp 1002w\" sizes=\"(max-width: 800px) 100vw, 800px\" \/>\t\t\t\t\t\t\t\t\t\t\t\t\t\t\t<\/div>\n\t\t\t\t<\/div>\n\t\t\t\t<div class=\"elementor-element elementor-element-b9aebfa elementor-hidden-mobile elementor-widget elementor-widget-spacer\" data-id=\"b9aebfa\" data-element_type=\"widget\" data-e-type=\"widget\" data-widget_type=\"spacer.default\">\n\t\t\t\t<div class=\"elementor-widget-container\">\n\t\t\t\t\t\t\t<div class=\"elementor-spacer\">\n\t\t\t<div class=\"elementor-spacer-inner\"><\/div>\n\t\t<\/div>\n\t\t\t\t\t\t<\/div>\n\t\t\t\t<\/div>\n\t\t\t\t\t<\/div>\n\t\t<\/div>\n\t\t\t\t<div class=\"elementor-column elementor-col-50 elementor-top-column elementor-element elementor-element-13bb795 topo\" data-id=\"13bb795\" data-element_type=\"column\" data-e-type=\"column\" data-settings=\"{&quot;background_background&quot;:&quot;gradient&quot;}\">\n\t\t\t<div class=\"elementor-widget-wrap elementor-element-populated\">\n\t\t\t\t\t\t<div class=\"elementor-element elementor-element-5c4ea94 elementor-widget elementor-widget-image\" data-id=\"5c4ea94\" data-element_type=\"widget\" data-e-type=\"widget\" data-settings=\"{&quot;_animation_mobile&quot;:&quot;fadeInLeft&quot;}\" data-widget_type=\"image.default\">\n\t\t\t\t<div class=\"elementor-widget-container\">\n\t\t\t\t\t\t\t\t\t\t\t\t\t\t\t<img decoding=\"async\" width=\"800\" height=\"800\" src=\"https:\/\/gioesteticaavancada.com.br\/lp\/wp-content\/uploads\/2026\/02\/Marca-Gio-Estetica-Avancada-Principal-Branca-1024x1024.png\" class=\"attachment-large size-large wp-image-21826\" alt=\"\" srcset=\"https:\/\/gioesteticaavancada.com.br\/lp\/wp-content\/uploads\/2026\/02\/Marca-Gio-Estetica-Avancada-Principal-Branca-1024x1024.png 1024w, https:\/\/gioesteticaavancada.com.br\/lp\/wp-content\/uploads\/2026\/02\/Marca-Gio-Estetica-Avancada-Principal-Branca-300x300.png 300w, https:\/\/gioesteticaavancada.com.br\/lp\/wp-content\/uploads\/2026\/02\/Marca-Gio-Estetica-Avancada-Principal-Branca-150x150.png 150w, https:\/\/gioesteticaavancada.com.br\/lp\/wp-content\/uploads\/2026\/02\/Marca-Gio-Estetica-Avancada-Principal-Branca-768x768.png 768w, https:\/\/gioesteticaavancada.com.br\/lp\/wp-content\/uploads\/2026\/02\/Marca-Gio-Estetica-Avancada-Principal-Branca-1536x1536.png 1536w, https:\/\/gioesteticaavancada.com.br\/lp\/wp-content\/uploads\/2026\/02\/Marca-Gio-Estetica-Avancada-Principal-Branca-2048x2048.png 2048w\" sizes=\"(max-width: 800px) 100vw, 800px\" \/>\t\t\t\t\t\t\t\t\t\t\t\t\t\t\t<\/div>\n\t\t\t\t<\/div>\n\t\t\t\t<div class=\"elementor-element elementor-element-8c5bec4 elementor-widget__width-initial elementor-hidden-tablet elementor-hidden-desktop elementor-widget elementor-widget-text-editor\" data-id=\"8c5bec4\" data-element_type=\"widget\" data-e-type=\"widget\" data-widget_type=\"text-editor.default\">\n\t\t\t\t<div class=\"elementor-widget-container\">\n\t\t\t\t\t\t\t\t\t<p>Fa\u00e7a parte da marca que mais <strong>cresce no Brasil<\/strong><\/p>\t\t\t\t\t\t\t\t<\/div>\n\t\t\t\t<\/div>\n\t\t\t\t<div class=\"elementor-element elementor-element-5c5ed1b elementor-widget__width-initial elementor-hidden-tablet elementor-hidden-mobile elementor-widget elementor-widget-text-editor\" data-id=\"5c5ed1b\" data-element_type=\"widget\" data-e-type=\"widget\" data-widget_type=\"text-editor.default\">\n\t\t\t\t<div class=\"elementor-widget-container\">\n\t\t\t\t\t\t\t\t\t<p>Fa\u00e7a parte da marca que mais <strong>cresce no Brasil<\/strong><\/p>\t\t\t\t\t\t\t\t<\/div>\n\t\t\t\t<\/div>\n\t\t\t\t<div class=\"elementor-element elementor-element-6c4eaa1 elementor-widget elementor-widget-heading\" data-id=\"6c4eaa1\" data-element_type=\"widget\" data-e-type=\"widget\" data-widget_type=\"heading.default\">\n\t\t\t\t<div class=\"elementor-widget-container\">\n\t\t\t\t\t<h2 class=\"elementor-heading-title elementor-size-default\">Fale com nosso consultor<\/h2>\t\t\t\t<\/div>\n\t\t\t\t<\/div>\n\t\t\t\t<div class=\"elementor-element elementor-element-9df430c elementor-align-center elementor-widget elementor-widget-button\" data-id=\"9df430c\" data-element_type=\"widget\" data-e-type=\"widget\" data-widget_type=\"button.default\">\n\t\t\t\t<div class=\"elementor-widget-container\">\n\t\t\t\t\t\t\t\t\t<div class=\"elementor-button-wrapper\">\n\t\t\t\t\t<a class=\"elementor-button elementor-button-link elementor-size-sm\" href=\"https:\/\/wa.me\/5511975961190?text=Ol\u00e1,%20gostaria%20de%20receber%20mais%20informa\u00e7\u00f5es%20sobre%20a%20compra%20de%20uma%20franquia%20da%20GIO.\" target=\"_blank\">\n\t\t\t\t\t\t<span class=\"elementor-button-content-wrapper\">\n\t\t\t\t\t\t<span class=\"elementor-button-icon\">\n\t\t\t\t<i aria-hidden=\"true\" class=\"fab fa-whatsapp\"><\/i>\t\t\t<\/span>\n\t\t\t\t\t\t\t\t\t<span class=\"elementor-button-text\">Clique aqui<\/span>\n\t\t\t\t\t<\/span>\n\t\t\t\t\t<\/a>\n\t\t\t\t<\/div>\n\t\t\t\t\t\t\t\t<\/div>\n\t\t\t\t<\/div>\n\t\t\t\t\t<\/div>\n\t\t<\/div>\n\t\t\t\t\t<\/div>\n\t\t<\/section>\n\t\t\t\t<section class=\"elementor-section elementor-top-section elementor-element elementor-element-e80de87 elementor-section-boxed elementor-section-height-default elementor-section-height-default\" data-id=\"e80de87\" data-element_type=\"section\" data-e-type=\"section\" data-settings=\"{&quot;background_background&quot;:&quot;gradient&quot;}\">\n\t\t\t\t\t\t<div class=\"elementor-container elementor-column-gap-default\">\n\t\t\t\t\t<div class=\"elementor-column elementor-col-100 elementor-top-column elementor-element elementor-element-7782bb9\" data-id=\"7782bb9\" data-element_type=\"column\" data-e-type=\"column\">\n\t\t\t<div class=\"elementor-widget-wrap elementor-element-populated\">\n\t\t\t\t\t\t<div class=\"elementor-element elementor-element-20c4697 elementor-widget elementor-widget-heading\" data-id=\"20c4697\" data-element_type=\"widget\" data-e-type=\"widget\" data-widget_type=\"heading.default\">\n\t\t\t\t<div class=\"elementor-widget-container\">\n\t\t\t\t\t<h2 class=\"elementor-heading-title elementor-size-default\">GIO Est\u00e9tica Avan\u00e7ada \u00a9 2025 \u2022 V4 Colli &amp; Co<\/h2>\t\t\t\t<\/div>\n\t\t\t\t<\/div>\n\t\t\t\t\t<\/div>\n\t\t<\/div>\n\t\t\t\t\t<\/div>\n\t\t<\/section>\n\t\t\t\t<\/div>\n\t\t","protected":false},"excerpt":{"rendered":"<p>Fa\u00e7a parte da marca que mais cresce no Brasil Fa\u00e7a parte da marca que mais cresce no Brasil Fale com nosso consultor Clique aqui GIO Est\u00e9tica Avan\u00e7ada \u00a9 2025 \u2022 V4 Colli &amp; Co<\/p>\n","protected":false},"author":6,"featured_media":0,"parent":0,"menu_order":0,"comment_status":"closed","ping_status":"closed","template":"","meta":{"_acf_changed":false,"footnotes":""},"class_list":["post-21814","page","type-page","status-publish","hentry"],"acf":[],"yoast_head":"<!-- This site is optimized with the Yoast SEO plugin v27.4 - https:\/\/yoast.com\/product\/yoast-seo-wordpress\/ -->\n<title>Franquias - GiO Est\u00e9tica Avan\u00e7ada - Landing Pages<\/title>\n<meta name=\"robots\" content=\"noindex, follow, max-snippet:-1, max-image-preview:large, max-video-preview:-1\" \/>\n<meta property=\"og:locale\" content=\"pt_BR\" \/>\n<meta property=\"og:type\" content=\"article\" \/>\n<meta property=\"og:title\" content=\"Franquias - GiO Est\u00e9tica Avan\u00e7ada - Landing Pages\" \/>\n<meta property=\"og:description\" content=\"Fa\u00e7a parte da marca que mais cresce no Brasil Fa\u00e7a parte da marca que mais cresce no Brasil Fale com nosso consultor Clique aqui GIO Est\u00e9tica Avan\u00e7ada \u00a9 2025 \u2022 V4 Colli &amp; Co\" \/>\n<meta property=\"og:url\" content=\"https:\/\/gioesteticaavancada.com.br\/lp\/franquias\/\" \/>\n<meta property=\"og:site_name\" content=\"GiO Est\u00e9tica Avan\u00e7ada - Landing Pages\" \/>\n<meta property=\"article:modified_time\" content=\"2026-02-11T18:09:13+00:00\" \/>\n<meta property=\"og:image\" content=\"https:\/\/gioesteticaavancada.com.br\/lp\/wp-content\/uploads\/2026\/02\/CARLOMOBILEGIO.webp\" \/>\n\t<meta property=\"og:image:width\" content=\"1002\" \/>\n\t<meta property=\"og:image:height\" content=\"1080\" \/>\n\t<meta property=\"og:image:type\" content=\"image\/webp\" \/>\n<meta name=\"twitter:card\" content=\"summary_large_image\" \/>\n<meta name=\"twitter:label1\" content=\"Est. tempo de leitura\" \/>\n\t<meta name=\"twitter:data1\" content=\"1 minuto\" \/>\n<script type=\"application\/ld+json\" class=\"yoast-schema-graph\">{\"@context\":\"https:\\\/\\\/schema.org\",\"@graph\":[{\"@type\":\"WebPage\",\"@id\":\"https:\\\/\\\/gioesteticaavancada.com.br\\\/lp\\\/franquias\\\/\",\"url\":\"https:\\\/\\\/gioesteticaavancada.com.br\\\/lp\\\/franquias\\\/\",\"name\":\"Franquias - GiO Est\u00e9tica Avan\u00e7ada - Landing Pages\",\"isPartOf\":{\"@id\":\"https:\\\/\\\/gioesteticaavancada.com.br\\\/lp\\\/#website\"},\"primaryImageOfPage\":{\"@id\":\"https:\\\/\\\/gioesteticaavancada.com.br\\\/lp\\\/franquias\\\/#primaryimage\"},\"image\":{\"@id\":\"https:\\\/\\\/gioesteticaavancada.com.br\\\/lp\\\/franquias\\\/#primaryimage\"},\"thumbnailUrl\":\"https:\\\/\\\/gioesteticaavancada.com.br\\\/lp\\\/wp-content\\\/uploads\\\/2026\\\/02\\\/CARLOMOBILEGIO-950x1024.webp\",\"datePublished\":\"2026-02-10T20:30:32+00:00\",\"dateModified\":\"2026-02-11T18:09:13+00:00\",\"breadcrumb\":{\"@id\":\"https:\\\/\\\/gioesteticaavancada.com.br\\\/lp\\\/franquias\\\/#breadcrumb\"},\"inLanguage\":\"pt-BR\",\"potentialAction\":[{\"@type\":\"ReadAction\",\"target\":[\"https:\\\/\\\/gioesteticaavancada.com.br\\\/lp\\\/franquias\\\/\"]}]},{\"@type\":\"ImageObject\",\"inLanguage\":\"pt-BR\",\"@id\":\"https:\\\/\\\/gioesteticaavancada.com.br\\\/lp\\\/franquias\\\/#primaryimage\",\"url\":\"https:\\\/\\\/gioesteticaavancada.com.br\\\/lp\\\/wp-content\\\/uploads\\\/2026\\\/02\\\/CARLOMOBILEGIO.webp\",\"contentUrl\":\"https:\\\/\\\/gioesteticaavancada.com.br\\\/lp\\\/wp-content\\\/uploads\\\/2026\\\/02\\\/CARLOMOBILEGIO.webp\",\"width\":1002,\"height\":1080},{\"@type\":\"BreadcrumbList\",\"@id\":\"https:\\\/\\\/gioesteticaavancada.com.br\\\/lp\\\/franquias\\\/#breadcrumb\",\"itemListElement\":[{\"@type\":\"ListItem\",\"position\":1,\"name\":\"In\u00edcio\",\"item\":\"https:\\\/\\\/gioesteticaavancada.com.br\\\/lp\\\/\"},{\"@type\":\"ListItem\",\"position\":2,\"name\":\"Franquias\"}]},{\"@type\":\"WebSite\",\"@id\":\"https:\\\/\\\/gioesteticaavancada.com.br\\\/lp\\\/#website\",\"url\":\"https:\\\/\\\/gioesteticaavancada.com.br\\\/lp\\\/\",\"name\":\"GiO Est\u00e9tica Avan\u00e7ada - Landing Pages\",\"description\":\"\",\"potentialAction\":[{\"@type\":\"SearchAction\",\"target\":{\"@type\":\"EntryPoint\",\"urlTemplate\":\"https:\\\/\\\/gioesteticaavancada.com.br\\\/lp\\\/?s={search_term_string}\"},\"query-input\":{\"@type\":\"PropertyValueSpecification\",\"valueRequired\":true,\"valueName\":\"search_term_string\"}}],\"inLanguage\":\"pt-BR\"}]}<\/script>\n<!-- \/ Yoast SEO plugin. -->","yoast_head_json":{"title":"Franquias - GiO Est\u00e9tica Avan\u00e7ada - Landing Pages","robots":{"index":"noindex","follow":"follow","max-snippet":"max-snippet:-1","max-image-preview":"max-image-preview:large","max-video-preview":"max-video-preview:-1"},"og_locale":"pt_BR","og_type":"article","og_title":"Franquias - GiO Est\u00e9tica Avan\u00e7ada - Landing Pages","og_description":"Fa\u00e7a parte da marca que mais cresce no Brasil Fa\u00e7a parte da marca que mais cresce no Brasil Fale com nosso consultor Clique aqui GIO Est\u00e9tica Avan\u00e7ada \u00a9 2025 \u2022 V4 Colli &amp; Co","og_url":"https:\/\/gioesteticaavancada.com.br\/lp\/franquias\/","og_site_name":"GiO Est\u00e9tica Avan\u00e7ada - Landing Pages","article_modified_time":"2026-02-11T18:09:13+00:00","og_image":[{"width":1002,"height":1080,"url":"https:\/\/gioesteticaavancada.com.br\/lp\/wp-content\/uploads\/2026\/02\/CARLOMOBILEGIO.webp","type":"image\/webp"}],"twitter_card":"summary_large_image","twitter_misc":{"Est. tempo de leitura":"1 minuto"},"schema":{"@context":"https:\/\/schema.org","@graph":[{"@type":"WebPage","@id":"https:\/\/gioesteticaavancada.com.br\/lp\/franquias\/","url":"https:\/\/gioesteticaavancada.com.br\/lp\/franquias\/","name":"Franquias - GiO Est\u00e9tica Avan\u00e7ada - Landing Pages","isPartOf":{"@id":"https:\/\/gioesteticaavancada.com.br\/lp\/#website"},"primaryImageOfPage":{"@id":"https:\/\/gioesteticaavancada.com.br\/lp\/franquias\/#primaryimage"},"image":{"@id":"https:\/\/gioesteticaavancada.com.br\/lp\/franquias\/#primaryimage"},"thumbnailUrl":"https:\/\/gioesteticaavancada.com.br\/lp\/wp-content\/uploads\/2026\/02\/CARLOMOBILEGIO-950x1024.webp","datePublished":"2026-02-10T20:30:32+00:00","dateModified":"2026-02-11T18:09:13+00:00","breadcrumb":{"@id":"https:\/\/gioesteticaavancada.com.br\/lp\/franquias\/#breadcrumb"},"inLanguage":"pt-BR","potentialAction":[{"@type":"ReadAction","target":["https:\/\/gioesteticaavancada.com.br\/lp\/franquias\/"]}]},{"@type":"ImageObject","inLanguage":"pt-BR","@id":"https:\/\/gioesteticaavancada.com.br\/lp\/franquias\/#primaryimage","url":"https:\/\/gioesteticaavancada.com.br\/lp\/wp-content\/uploads\/2026\/02\/CARLOMOBILEGIO.webp","contentUrl":"https:\/\/gioesteticaavancada.com.br\/lp\/wp-content\/uploads\/2026\/02\/CARLOMOBILEGIO.webp","width":1002,"height":1080},{"@type":"BreadcrumbList","@id":"https:\/\/gioesteticaavancada.com.br\/lp\/franquias\/#breadcrumb","itemListElement":[{"@type":"ListItem","position":1,"name":"In\u00edcio","item":"https:\/\/gioesteticaavancada.com.br\/lp\/"},{"@type":"ListItem","position":2,"name":"Franquias"}]},{"@type":"WebSite","@id":"https:\/\/gioesteticaavancada.com.br\/lp\/#website","url":"https:\/\/gioesteticaavancada.com.br\/lp\/","name":"GiO Est\u00e9tica Avan\u00e7ada - Landing Pages","description":"","potentialAction":[{"@type":"SearchAction","target":{"@type":"EntryPoint","urlTemplate":"https:\/\/gioesteticaavancada.com.br\/lp\/?s={search_term_string}"},"query-input":{"@type":"PropertyValueSpecification","valueRequired":true,"valueName":"search_term_string"}}],"inLanguage":"pt-BR"}]}},"_links":{"self":[{"href":"https:\/\/gioesteticaavancada.com.br\/lp\/wp-json\/wp\/v2\/pages\/21814","targetHints":{"allow":["GET"]}}],"collection":[{"href":"https:\/\/gioesteticaavancada.com.br\/lp\/wp-json\/wp\/v2\/pages"}],"about":[{"href":"https:\/\/gioesteticaavancada.com.br\/lp\/wp-json\/wp\/v2\/types\/page"}],"author":[{"embeddable":true,"href":"https:\/\/gioesteticaavancada.com.br\/lp\/wp-json\/wp\/v2\/users\/6"}],"replies":[{"embeddable":true,"href":"https:\/\/gioesteticaavancada.com.br\/lp\/wp-json\/wp\/v2\/comments?post=21814"}],"version-history":[{"count":62,"href":"https:\/\/gioesteticaavancada.com.br\/lp\/wp-json\/wp\/v2\/pages\/21814\/revisions"}],"predecessor-version":[{"id":21914,"href":"https:\/\/gioesteticaavancada.com.br\/lp\/wp-json\/wp\/v2\/pages\/21814\/revisions\/21914"}],"wp:attachment":[{"href":"https:\/\/gioesteticaavancada.com.br\/lp\/wp-json\/wp\/v2\/media?parent=21814"}],"curies":[{"name":"wp","href":"https:\/\/api.w.org\/{rel}","templated":true}]}}